{"id":105,"date":"2025-08-10T10:14:05","date_gmt":"2025-08-10T10:14:05","guid":{"rendered":"https:\/\/retrohenkie.com\/?post_type=product&#038;p=105"},"modified":"2026-03-12T13:48:51","modified_gmt":"2026-03-12T13:48:51","slug":"blask-poloneza-bluza-meska-tribal","status":"publish","type":"product","link":"https:\/\/retrohenkie.com\/index.php\/produkt\/blask-poloneza-bluza-meska-tribal\/","title":{"rendered":"BLASK POLONEZA BLUZA M\u0118SKA TRIBAL"},"content":{"rendered":"<h2>BLASK POLONEZA BLUZA M\u0118SKA TRIBAL<\/h2>\n<h3>&lt;&lt;Wysy\u0142ka r\u00f3wnie\u017c za granic\u0119 :D, napisz na henkiedaria@gmail.com lub na Instagrama: @retrohenkie&gt;&gt;<\/h3>\n<p class=\"p1\"><strong>SZYBKO\u015a\u0106 z wysokim ko\u0142nierzem<\/strong><\/p>\n<p>Szybszy ni\u017c maluch, bardziej odlotowy od Poloneza! Najmocniejsza wersja z ca\u0142ego sklepu &#8211; tylko dla prawdziwych koneser\u00f3w dobrej retro muzyki! Mamo, tato &#8211; chod\u017a na rave&#8217;a!<\/p>\n<p>[Projektuj\u0119 odzie\u017c, kt\u00f3ra jest unikatowa. Nie wspieram 'fast fashion\u2019. \u0141\u0105cznie wysz\u0142o 20 sztuk bluz]<br \/>\n*W razie wyst\u0105pienia problemu zwi\u0105zanego z finalizacj\u0105 zam\u00f3wienia \u2013 NIE WSTYD\u0179 SI\u0118, napisz na m\u00f3j Instagram @retrohenkie. POMOG\u0118!!! (&gt;\u203f\u25e0)\u270c<\/p>\n<ul>\n<li class=\"p1\"><strong>Materia\u0142:<\/strong> 100% poliester<\/li>\n<li class=\"p1\"><strong>Kolor:<\/strong> Turkusowy z fioletowymi akcentami<\/li>\n<\/ul>\n","protected":false},"excerpt":{"rendered":"<p>BLASK POLONEZA BLUZA M\u0118SKA TRIBAL &lt;&lt;Wysy\u0142ka r\u00f3wnie\u017c za granic\u0119 :D, napisz na henkiedaria@gmail.com lub na Instagrama: @retrohenkie&gt;&gt; SZYBKO\u015a\u0106 z wysokim ko\u0142nierzem Szybszy ni\u017c maluch, bardziej odlotowy od Poloneza! Najmocniejsza wersja z ca\u0142ego sklepu &#8211; tylko dla prawdziwych koneser\u00f3w dobrej retro muzyki! Mamo, tato &#8211; chod\u017a na rave&#8217;a! [Projektuj\u0119 odzie\u017c, kt\u00f3ra jest unikatowa. Nie wspieram 'fast [&hellip;]<\/p>\n","protected":false},"featured_media":160,"comment_status":"open","ping_status":"closed","template":"","meta":[],"product_brand":[],"product_cat":[29,18,19,20],"product_tag":[],"class_list":{"0":"post-105","1":"product","2":"type-product","3":"status-publish","4":"has-post-thumbnail","6":"product_cat-blask-poloneza-tribal","7":"product_cat-bluzy","8":"product_cat-dzial-meski","9":"product_cat-kolekcja-2024-1","11":"first","12":"instock","13":"taxable","14":"shipping-taxable","15":"purchasable","16":"product-type-variable"},"yoast_head":"<!-- This site is optimized with the Yoast SEO plugin v26.4 - https:\/\/yoast.com\/wordpress\/plugins\/seo\/ -->\n<title>BLASK POLONEZA BLUZA M\u0118SKA TRIBAL - RETROHENKIE<\/title>\n<meta name=\"robots\" content=\"index, follow, max-snippet:-1, max-image-preview:large, max-video-preview:-1\" \/>\n<link rel=\"canonical\" href=\"https:\/\/retrohenkie.com\/index.php\/produkt\/blask-poloneza-bluza-meska-tribal\/\" \/>\n<meta property=\"og:locale\" content=\"pl_PL\" \/>\n<meta property=\"og:type\" content=\"article\" \/>\n<meta property=\"og:title\" content=\"BLASK POLONEZA BLUZA M\u0118SKA TRIBAL - RETROHENKIE\" \/>\n<meta property=\"og:description\" content=\"BLASK POLONEZA BLUZA M\u0118SKA TRIBAL &lt;&lt;Wysy\u0142ka r\u00f3wnie\u017c za granic\u0119 :D, napisz na henkiedaria@gmail.com lub na Instagrama: @retrohenkie&gt;&gt; SZYBKO\u015a\u0106 z wysokim ko\u0142nierzem Szybszy ni\u017c maluch, bardziej odlotowy od Poloneza! Najmocniejsza wersja z ca\u0142ego sklepu &#8211; tylko dla prawdziwych koneser\u00f3w dobrej retro muzyki! Mamo, tato &#8211; chod\u017a na rave&#8217;a! [Projektuj\u0119 odzie\u017c, kt\u00f3ra jest unikatowa. Nie wspieram &#039;fast [&hellip;]\" \/>\n<meta property=\"og:url\" content=\"https:\/\/retrohenkie.com\/index.php\/produkt\/blask-poloneza-bluza-meska-tribal\/\" \/>\n<meta property=\"og:site_name\" content=\"RETROHENKIE\" \/>\n<meta property=\"article:modified_time\" content=\"2026-03-12T13:48:51+00:00\" \/>\n<meta property=\"og:image\" content=\"https:\/\/retrohenkie.com\/wp-content\/uploads\/2025\/08\/IMG_4364.jpg\" \/>\n\t<meta property=\"og:image:width\" content=\"1224\" \/>\n\t<meta property=\"og:image:height\" content=\"1224\" \/>\n\t<meta property=\"og:image:type\" content=\"image\/jpeg\" \/>\n<meta name=\"twitter:card\" content=\"summary_large_image\" \/>\n<meta name=\"twitter:label1\" content=\"Szacowany czas czytania\" \/>\n\t<meta name=\"twitter:data1\" content=\"1 minuta\" \/>\n<script type=\"application\/ld+json\" class=\"yoast-schema-graph\">{\"@context\":\"https:\/\/schema.org\",\"@graph\":[{\"@type\":\"WebPage\",\"@id\":\"https:\/\/retrohenkie.com\/index.php\/produkt\/blask-poloneza-bluza-meska-tribal\/\",\"url\":\"https:\/\/retrohenkie.com\/index.php\/produkt\/blask-poloneza-bluza-meska-tribal\/\",\"name\":\"BLASK POLONEZA BLUZA M\u0118SKA TRIBAL - RETROHENKIE\",\"isPartOf\":{\"@id\":\"https:\/\/retrohenkie.com\/#website\"},\"primaryImageOfPage\":{\"@id\":\"https:\/\/retrohenkie.com\/index.php\/produkt\/blask-poloneza-bluza-meska-tribal\/#primaryimage\"},\"image\":{\"@id\":\"https:\/\/retrohenkie.com\/index.php\/produkt\/blask-poloneza-bluza-meska-tribal\/#primaryimage\"},\"thumbnailUrl\":\"https:\/\/retrohenkie.com\/wp-content\/uploads\/2025\/08\/IMG_4364.jpg\",\"datePublished\":\"2025-08-10T10:14:05+00:00\",\"dateModified\":\"2026-03-12T13:48:51+00:00\",\"breadcrumb\":{\"@id\":\"https:\/\/retrohenkie.com\/index.php\/produkt\/blask-poloneza-bluza-meska-tribal\/#breadcrumb\"},\"inLanguage\":\"pl-PL\",\"potentialAction\":[{\"@type\":\"ReadAction\",\"target\":[\"https:\/\/retrohenkie.com\/index.php\/produkt\/blask-poloneza-bluza-meska-tribal\/\"]}]},{\"@type\":\"ImageObject\",\"inLanguage\":\"pl-PL\",\"@id\":\"https:\/\/retrohenkie.com\/index.php\/produkt\/blask-poloneza-bluza-meska-tribal\/#primaryimage\",\"url\":\"https:\/\/retrohenkie.com\/wp-content\/uploads\/2025\/08\/IMG_4364.jpg\",\"contentUrl\":\"https:\/\/retrohenkie.com\/wp-content\/uploads\/2025\/08\/IMG_4364.jpg\",\"width\":1224,\"height\":1224},{\"@type\":\"BreadcrumbList\",\"@id\":\"https:\/\/retrohenkie.com\/index.php\/produkt\/blask-poloneza-bluza-meska-tribal\/#breadcrumb\",\"itemListElement\":[{\"@type\":\"ListItem\",\"position\":1,\"name\":\"Strona g\u0142\u00f3wna\",\"item\":\"https:\/\/retrohenkie.com\/\"},{\"@type\":\"ListItem\",\"position\":2,\"name\":\"Sklep\",\"item\":\"https:\/\/retrohenkie.com\/index.php\/sklep\/\"},{\"@type\":\"ListItem\",\"position\":3,\"name\":\"BLASK POLONEZA BLUZA M\u0118SKA TRIBAL\"}]},{\"@type\":\"WebSite\",\"@id\":\"https:\/\/retrohenkie.com\/#website\",\"url\":\"https:\/\/retrohenkie.com\/\",\"name\":\"RETROHENKIE\",\"description\":\"\",\"publisher\":{\"@id\":\"https:\/\/retrohenkie.com\/#organization\"},\"potentialAction\":[{\"@type\":\"SearchAction\",\"target\":{\"@type\":\"EntryPoint\",\"urlTemplate\":\"https:\/\/retrohenkie.com\/?s={search_term_string}\"},\"query-input\":{\"@type\":\"PropertyValueSpecification\",\"valueRequired\":true,\"valueName\":\"search_term_string\"}}],\"inLanguage\":\"pl-PL\"},{\"@type\":\"Organization\",\"@id\":\"https:\/\/retrohenkie.com\/#organization\",\"name\":\"RETROHENKIE\",\"url\":\"https:\/\/retrohenkie.com\/\",\"logo\":{\"@type\":\"ImageObject\",\"inLanguage\":\"pl-PL\",\"@id\":\"https:\/\/retrohenkie.com\/#\/schema\/logo\/image\/\",\"url\":\"https:\/\/retrohenkie.com\/wp-content\/uploads\/2025\/08\/cropped-logo-daria-henkie-black-600px-e1755028065228.webp\",\"contentUrl\":\"https:\/\/retrohenkie.com\/wp-content\/uploads\/2025\/08\/cropped-logo-daria-henkie-black-600px-e1755028065228.webp\",\"width\":300,\"height\":300,\"caption\":\"RETROHENKIE\"},\"image\":{\"@id\":\"https:\/\/retrohenkie.com\/#\/schema\/logo\/image\/\"}}]}<\/script>\n<!-- \/ Yoast SEO plugin. -->","yoast_head_json":{"title":"BLASK POLONEZA BLUZA M\u0118SKA TRIBAL - RETROHENKIE","robots":{"index":"index","follow":"follow","max-snippet":"max-snippet:-1","max-image-preview":"max-image-preview:large","max-video-preview":"max-video-preview:-1"},"canonical":"https:\/\/retrohenkie.com\/index.php\/produkt\/blask-poloneza-bluza-meska-tribal\/","og_locale":"pl_PL","og_type":"article","og_title":"BLASK POLONEZA BLUZA M\u0118SKA TRIBAL - RETROHENKIE","og_description":"BLASK POLONEZA BLUZA M\u0118SKA TRIBAL &lt;&lt;Wysy\u0142ka r\u00f3wnie\u017c za granic\u0119 :D, napisz na henkiedaria@gmail.com lub na Instagrama: @retrohenkie&gt;&gt; SZYBKO\u015a\u0106 z wysokim ko\u0142nierzem Szybszy ni\u017c maluch, bardziej odlotowy od Poloneza! Najmocniejsza wersja z ca\u0142ego sklepu &#8211; tylko dla prawdziwych koneser\u00f3w dobrej retro muzyki! Mamo, tato &#8211; chod\u017a na rave&#8217;a! [Projektuj\u0119 odzie\u017c, kt\u00f3ra jest unikatowa. Nie wspieram 'fast [&hellip;]","og_url":"https:\/\/retrohenkie.com\/index.php\/produkt\/blask-poloneza-bluza-meska-tribal\/","og_site_name":"RETROHENKIE","article_modified_time":"2026-03-12T13:48:51+00:00","og_image":[{"width":1224,"height":1224,"url":"https:\/\/retrohenkie.com\/wp-content\/uploads\/2025\/08\/IMG_4364.jpg","type":"image\/jpeg"}],"twitter_card":"summary_large_image","twitter_misc":{"Szacowany czas czytania":"1 minuta"},"schema":{"@context":"https:\/\/schema.org","@graph":[{"@type":"WebPage","@id":"https:\/\/retrohenkie.com\/index.php\/produkt\/blask-poloneza-bluza-meska-tribal\/","url":"https:\/\/retrohenkie.com\/index.php\/produkt\/blask-poloneza-bluza-meska-tribal\/","name":"BLASK POLONEZA BLUZA M\u0118SKA TRIBAL - RETROHENKIE","isPartOf":{"@id":"https:\/\/retrohenkie.com\/#website"},"primaryImageOfPage":{"@id":"https:\/\/retrohenkie.com\/index.php\/produkt\/blask-poloneza-bluza-meska-tribal\/#primaryimage"},"image":{"@id":"https:\/\/retrohenkie.com\/index.php\/produkt\/blask-poloneza-bluza-meska-tribal\/#primaryimage"},"thumbnailUrl":"https:\/\/retrohenkie.com\/wp-content\/uploads\/2025\/08\/IMG_4364.jpg","datePublished":"2025-08-10T10:14:05+00:00","dateModified":"2026-03-12T13:48:51+00:00","breadcrumb":{"@id":"https:\/\/retrohenkie.com\/index.php\/produkt\/blask-poloneza-bluza-meska-tribal\/#breadcrumb"},"inLanguage":"pl-PL","potentialAction":[{"@type":"ReadAction","target":["https:\/\/retrohenkie.com\/index.php\/produkt\/blask-poloneza-bluza-meska-tribal\/"]}]},{"@type":"ImageObject","inLanguage":"pl-PL","@id":"https:\/\/retrohenkie.com\/index.php\/produkt\/blask-poloneza-bluza-meska-tribal\/#primaryimage","url":"https:\/\/retrohenkie.com\/wp-content\/uploads\/2025\/08\/IMG_4364.jpg","contentUrl":"https:\/\/retrohenkie.com\/wp-content\/uploads\/2025\/08\/IMG_4364.jpg","width":1224,"height":1224},{"@type":"BreadcrumbList","@id":"https:\/\/retrohenkie.com\/index.php\/produkt\/blask-poloneza-bluza-meska-tribal\/#breadcrumb","itemListElement":[{"@type":"ListItem","position":1,"name":"Strona g\u0142\u00f3wna","item":"https:\/\/retrohenkie.com\/"},{"@type":"ListItem","position":2,"name":"Sklep","item":"https:\/\/retrohenkie.com\/index.php\/sklep\/"},{"@type":"ListItem","position":3,"name":"BLASK POLONEZA BLUZA M\u0118SKA TRIBAL"}]},{"@type":"WebSite","@id":"https:\/\/retrohenkie.com\/#website","url":"https:\/\/retrohenkie.com\/","name":"RETROHENKIE","description":"","publisher":{"@id":"https:\/\/retrohenkie.com\/#organization"},"potentialAction":[{"@type":"SearchAction","target":{"@type":"EntryPoint","urlTemplate":"https:\/\/retrohenkie.com\/?s={search_term_string}"},"query-input":{"@type":"PropertyValueSpecification","valueRequired":true,"valueName":"search_term_string"}}],"inLanguage":"pl-PL"},{"@type":"Organization","@id":"https:\/\/retrohenkie.com\/#organization","name":"RETROHENKIE","url":"https:\/\/retrohenkie.com\/","logo":{"@type":"ImageObject","inLanguage":"pl-PL","@id":"https:\/\/retrohenkie.com\/#\/schema\/logo\/image\/","url":"https:\/\/retrohenkie.com\/wp-content\/uploads\/2025\/08\/cropped-logo-daria-henkie-black-600px-e1755028065228.webp","contentUrl":"https:\/\/retrohenkie.com\/wp-content\/uploads\/2025\/08\/cropped-logo-daria-henkie-black-600px-e1755028065228.webp","width":300,"height":300,"caption":"RETROHENKIE"},"image":{"@id":"https:\/\/retrohenkie.com\/#\/schema\/logo\/image\/"}}]}},"_links":{"self":[{"href":"https:\/\/retrohenkie.com\/index.php\/wp-json\/wp\/v2\/product\/105","targetHints":{"allow":["GET"]}}],"collection":[{"href":"https:\/\/retrohenkie.com\/index.php\/wp-json\/wp\/v2\/product"}],"about":[{"href":"https:\/\/retrohenkie.com\/index.php\/wp-json\/wp\/v2\/types\/product"}],"replies":[{"embeddable":true,"href":"https:\/\/retrohenkie.com\/index.php\/wp-json\/wp\/v2\/comments?post=105"}],"wp:featuredmedia":[{"embeddable":true,"href":"https:\/\/retrohenkie.com\/index.php\/wp-json\/wp\/v2\/media\/160"}],"wp:attachment":[{"href":"https:\/\/retrohenkie.com\/index.php\/wp-json\/wp\/v2\/media?parent=105"}],"wp:term":[{"taxonomy":"product_brand","embeddable":true,"href":"https:\/\/retrohenkie.com\/index.php\/wp-json\/wp\/v2\/product_brand?post=105"},{"taxonomy":"product_cat","embeddable":true,"href":"https:\/\/retrohenkie.com\/index.php\/wp-json\/wp\/v2\/product_cat?post=105"},{"taxonomy":"product_tag","embeddable":true,"href":"https:\/\/retrohenkie.com\/index.php\/wp-json\/wp\/v2\/product_tag?post=105"}],"curies":[{"name":"wp","href":"https:\/\/api.w.org\/{rel}","templated":true}]}}