{"id":100,"date":"2025-08-10T10:14:03","date_gmt":"2025-08-10T10:14:03","guid":{"rendered":"https:\/\/retrohenkie.com\/?post_type=product&#038;p=100"},"modified":"2025-08-16T13:38:44","modified_gmt":"2025-08-16T13:38:44","slug":"blask-poloneza-spodnie-damskie","status":"publish","type":"product","link":"https:\/\/retrohenkie.com\/index.php\/produkt\/blask-poloneza-spodnie-damskie\/","title":{"rendered":"BLASK POLONEZA SPODNIE DAMSKIE"},"content":{"rendered":"<h2>BLASK POLONEZA SPODNIE DAMSKIE<\/h2>\n<h3>&lt;&lt;Wysy\u0142ka r\u00f3wnie\u017c za granic\u0119 :D, napisz na henkiedaria@gmail.com lub na Instagrama: @retrohenkie&gt;&gt;<\/h3>\n<p><strong>Spodnie z Retro wstawkami<\/strong><\/p>\n<p>Pami\u0119tasz jak w 91\u2032 u\u017cywa\u0142e\u015b\/a\u015b rajstop do paska klinowego w maluchu? Najgorsze w tym wszystkim by\u0142o to, \u017ce auto nie by\u0142o Twoje, a po\u017cyczone! A od s\u0105siada to czasem i gorzej ni\u017c jak od rodziny\u2026 a do popychania malucha trzeba dobrych spodni.<br \/>\nNo i masz Pani!<br \/>\nSpodnie s\u0105 wykonane z po\u0142yskuj\u0105cego materia\u0142u, kt\u00f3ry l\u015bni bardziej ni\u017c wspomnienia z kul\u0105 disco.<br \/>\n\u201eGdzie si\u0119 podzia\u0142y tamte prywatki?\u201d. Tamte lata nie min\u0119\u0142y! One dopiero s\u0105 przed nami &lt;3.<\/p>\n<p>[Projektuj\u0119 odzie\u017c, kt\u00f3ra jest unikatowa. Nie wspieram 'fast fashion\u2019. \u0141\u0105cznie wysz\u0142o 20 par spodni]<br \/>\n*W razie wyst\u0105pienia problemu zwi\u0105zanego z finalizacj\u0105 zam\u00f3wienia \u2013 NIE WSTYD\u0179 SI\u0118, napisz na m\u00f3j Instagram @retrohenkie. POMOG\u0118!!! (&gt;\u203f\u25e0)\u270c<\/p>\n<ul>\n<li><strong>Materia\u0142:<\/strong> 100% poliester<\/li>\n<li><strong>Kolor:<\/strong> Turkusowy z fioletowymi akcentami<\/li>\n<\/ul>\n","protected":false},"excerpt":{"rendered":"<p>BLASK POLONEZA SPODNIE DAMSKIE &lt;&lt;Wysy\u0142ka r\u00f3wnie\u017c za granic\u0119 :D, napisz na henkiedaria@gmail.com lub na Instagrama: @retrohenkie&gt;&gt; Spodnie z Retro wstawkami Pami\u0119tasz jak w 91\u2032 u\u017cywa\u0142e\u015b\/a\u015b rajstop do paska klinowego w maluchu? Najgorsze w tym wszystkim by\u0142o to, \u017ce auto nie by\u0142o Twoje, a po\u017cyczone! A od s\u0105siada to czasem i gorzej ni\u017c jak od rodziny\u2026 [&hellip;]<\/p>\n","protected":false},"featured_media":142,"comment_status":"open","ping_status":"closed","template":"","meta":[],"product_brand":[],"product_cat":[17,27,20,25],"product_tag":[],"class_list":{"0":"post-100","1":"product","2":"type-product","3":"status-publish","4":"has-post-thumbnail","6":"product_cat-blask-poloneza","7":"product_cat-dzial-damski","8":"product_cat-kolekcja-2024-1","9":"product_cat-spodnie","11":"first","12":"instock","13":"taxable","14":"shipping-taxable","15":"purchasable","16":"product-type-variable"},"yoast_head":"<!-- This site is optimized with the Yoast SEO plugin v26.4 - https:\/\/yoast.com\/wordpress\/plugins\/seo\/ -->\n<title>BLASK POLONEZA SPODNIE DAMSKIE - RETROHENKIE<\/title>\n<meta name=\"robots\" content=\"index, follow, max-snippet:-1, max-image-preview:large, max-video-preview:-1\" \/>\n<link rel=\"canonical\" href=\"https:\/\/retrohenkie.com\/index.php\/produkt\/blask-poloneza-spodnie-damskie\/\" \/>\n<meta property=\"og:locale\" content=\"pl_PL\" \/>\n<meta property=\"og:type\" content=\"article\" \/>\n<meta property=\"og:title\" content=\"BLASK POLONEZA SPODNIE DAMSKIE - RETROHENKIE\" \/>\n<meta property=\"og:description\" content=\"BLASK POLONEZA SPODNIE DAMSKIE &lt;&lt;Wysy\u0142ka r\u00f3wnie\u017c za granic\u0119 :D, napisz na henkiedaria@gmail.com lub na Instagrama: @retrohenkie&gt;&gt; Spodnie z Retro wstawkami Pami\u0119tasz jak w 91\u2032 u\u017cywa\u0142e\u015b\/a\u015b rajstop do paska klinowego w maluchu? Najgorsze w tym wszystkim by\u0142o to, \u017ce auto nie by\u0142o Twoje, a po\u017cyczone! A od s\u0105siada to czasem i gorzej ni\u017c jak od rodziny\u2026 [&hellip;]\" \/>\n<meta property=\"og:url\" content=\"https:\/\/retrohenkie.com\/index.php\/produkt\/blask-poloneza-spodnie-damskie\/\" \/>\n<meta property=\"og:site_name\" content=\"RETROHENKIE\" \/>\n<meta property=\"article:modified_time\" content=\"2025-08-16T13:38:44+00:00\" \/>\n<meta property=\"og:image\" content=\"https:\/\/retrohenkie.com\/wp-content\/uploads\/2025\/08\/IMG_4294.jpg\" \/>\n\t<meta property=\"og:image:width\" content=\"2500\" \/>\n\t<meta property=\"og:image:height\" content=\"2500\" \/>\n\t<meta property=\"og:image:type\" content=\"image\/jpeg\" \/>\n<meta name=\"twitter:card\" content=\"summary_large_image\" \/>\n<meta name=\"twitter:label1\" content=\"Szacowany czas czytania\" \/>\n\t<meta name=\"twitter:data1\" content=\"1 minuta\" \/>\n<script type=\"application\/ld+json\" class=\"yoast-schema-graph\">{\"@context\":\"https:\/\/schema.org\",\"@graph\":[{\"@type\":\"WebPage\",\"@id\":\"https:\/\/retrohenkie.com\/index.php\/produkt\/blask-poloneza-spodnie-damskie\/\",\"url\":\"https:\/\/retrohenkie.com\/index.php\/produkt\/blask-poloneza-spodnie-damskie\/\",\"name\":\"BLASK POLONEZA SPODNIE DAMSKIE - RETROHENKIE\",\"isPartOf\":{\"@id\":\"https:\/\/retrohenkie.com\/#website\"},\"primaryImageOfPage\":{\"@id\":\"https:\/\/retrohenkie.com\/index.php\/produkt\/blask-poloneza-spodnie-damskie\/#primaryimage\"},\"image\":{\"@id\":\"https:\/\/retrohenkie.com\/index.php\/produkt\/blask-poloneza-spodnie-damskie\/#primaryimage\"},\"thumbnailUrl\":\"https:\/\/retrohenkie.com\/wp-content\/uploads\/2025\/08\/IMG_4294.jpg\",\"datePublished\":\"2025-08-10T10:14:03+00:00\",\"dateModified\":\"2025-08-16T13:38:44+00:00\",\"breadcrumb\":{\"@id\":\"https:\/\/retrohenkie.com\/index.php\/produkt\/blask-poloneza-spodnie-damskie\/#breadcrumb\"},\"inLanguage\":\"pl-PL\",\"potentialAction\":[{\"@type\":\"ReadAction\",\"target\":[\"https:\/\/retrohenkie.com\/index.php\/produkt\/blask-poloneza-spodnie-damskie\/\"]}]},{\"@type\":\"ImageObject\",\"inLanguage\":\"pl-PL\",\"@id\":\"https:\/\/retrohenkie.com\/index.php\/produkt\/blask-poloneza-spodnie-damskie\/#primaryimage\",\"url\":\"https:\/\/retrohenkie.com\/wp-content\/uploads\/2025\/08\/IMG_4294.jpg\",\"contentUrl\":\"https:\/\/retrohenkie.com\/wp-content\/uploads\/2025\/08\/IMG_4294.jpg\",\"width\":2500,\"height\":2500},{\"@type\":\"BreadcrumbList\",\"@id\":\"https:\/\/retrohenkie.com\/index.php\/produkt\/blask-poloneza-spodnie-damskie\/#breadcrumb\",\"itemListElement\":[{\"@type\":\"ListItem\",\"position\":1,\"name\":\"Strona g\u0142\u00f3wna\",\"item\":\"https:\/\/retrohenkie.com\/\"},{\"@type\":\"ListItem\",\"position\":2,\"name\":\"Sklep\",\"item\":\"https:\/\/retrohenkie.com\/index.php\/sklep\/\"},{\"@type\":\"ListItem\",\"position\":3,\"name\":\"BLASK POLONEZA SPODNIE DAMSKIE\"}]},{\"@type\":\"WebSite\",\"@id\":\"https:\/\/retrohenkie.com\/#website\",\"url\":\"https:\/\/retrohenkie.com\/\",\"name\":\"RETROHENKIE\",\"description\":\"\",\"publisher\":{\"@id\":\"https:\/\/retrohenkie.com\/#organization\"},\"potentialAction\":[{\"@type\":\"SearchAction\",\"target\":{\"@type\":\"EntryPoint\",\"urlTemplate\":\"https:\/\/retrohenkie.com\/?s={search_term_string}\"},\"query-input\":{\"@type\":\"PropertyValueSpecification\",\"valueRequired\":true,\"valueName\":\"search_term_string\"}}],\"inLanguage\":\"pl-PL\"},{\"@type\":\"Organization\",\"@id\":\"https:\/\/retrohenkie.com\/#organization\",\"name\":\"RETROHENKIE\",\"url\":\"https:\/\/retrohenkie.com\/\",\"logo\":{\"@type\":\"ImageObject\",\"inLanguage\":\"pl-PL\",\"@id\":\"https:\/\/retrohenkie.com\/#\/schema\/logo\/image\/\",\"url\":\"https:\/\/retrohenkie.com\/wp-content\/uploads\/2025\/08\/cropped-logo-daria-henkie-black-600px-e1755028065228.webp\",\"contentUrl\":\"https:\/\/retrohenkie.com\/wp-content\/uploads\/2025\/08\/cropped-logo-daria-henkie-black-600px-e1755028065228.webp\",\"width\":300,\"height\":300,\"caption\":\"RETROHENKIE\"},\"image\":{\"@id\":\"https:\/\/retrohenkie.com\/#\/schema\/logo\/image\/\"}}]}<\/script>\n<!-- \/ Yoast SEO plugin. -->","yoast_head_json":{"title":"BLASK POLONEZA SPODNIE DAMSKIE - RETROHENKIE","robots":{"index":"index","follow":"follow","max-snippet":"max-snippet:-1","max-image-preview":"max-image-preview:large","max-video-preview":"max-video-preview:-1"},"canonical":"https:\/\/retrohenkie.com\/index.php\/produkt\/blask-poloneza-spodnie-damskie\/","og_locale":"pl_PL","og_type":"article","og_title":"BLASK POLONEZA SPODNIE DAMSKIE - RETROHENKIE","og_description":"BLASK POLONEZA SPODNIE DAMSKIE &lt;&lt;Wysy\u0142ka r\u00f3wnie\u017c za granic\u0119 :D, napisz na henkiedaria@gmail.com lub na Instagrama: @retrohenkie&gt;&gt; Spodnie z Retro wstawkami Pami\u0119tasz jak w 91\u2032 u\u017cywa\u0142e\u015b\/a\u015b rajstop do paska klinowego w maluchu? Najgorsze w tym wszystkim by\u0142o to, \u017ce auto nie by\u0142o Twoje, a po\u017cyczone! A od s\u0105siada to czasem i gorzej ni\u017c jak od rodziny\u2026 [&hellip;]","og_url":"https:\/\/retrohenkie.com\/index.php\/produkt\/blask-poloneza-spodnie-damskie\/","og_site_name":"RETROHENKIE","article_modified_time":"2025-08-16T13:38:44+00:00","og_image":[{"width":2500,"height":2500,"url":"https:\/\/retrohenkie.com\/wp-content\/uploads\/2025\/08\/IMG_4294.jpg","type":"image\/jpeg"}],"twitter_card":"summary_large_image","twitter_misc":{"Szacowany czas czytania":"1 minuta"},"schema":{"@context":"https:\/\/schema.org","@graph":[{"@type":"WebPage","@id":"https:\/\/retrohenkie.com\/index.php\/produkt\/blask-poloneza-spodnie-damskie\/","url":"https:\/\/retrohenkie.com\/index.php\/produkt\/blask-poloneza-spodnie-damskie\/","name":"BLASK POLONEZA SPODNIE DAMSKIE - RETROHENKIE","isPartOf":{"@id":"https:\/\/retrohenkie.com\/#website"},"primaryImageOfPage":{"@id":"https:\/\/retrohenkie.com\/index.php\/produkt\/blask-poloneza-spodnie-damskie\/#primaryimage"},"image":{"@id":"https:\/\/retrohenkie.com\/index.php\/produkt\/blask-poloneza-spodnie-damskie\/#primaryimage"},"thumbnailUrl":"https:\/\/retrohenkie.com\/wp-content\/uploads\/2025\/08\/IMG_4294.jpg","datePublished":"2025-08-10T10:14:03+00:00","dateModified":"2025-08-16T13:38:44+00:00","breadcrumb":{"@id":"https:\/\/retrohenkie.com\/index.php\/produkt\/blask-poloneza-spodnie-damskie\/#breadcrumb"},"inLanguage":"pl-PL","potentialAction":[{"@type":"ReadAction","target":["https:\/\/retrohenkie.com\/index.php\/produkt\/blask-poloneza-spodnie-damskie\/"]}]},{"@type":"ImageObject","inLanguage":"pl-PL","@id":"https:\/\/retrohenkie.com\/index.php\/produkt\/blask-poloneza-spodnie-damskie\/#primaryimage","url":"https:\/\/retrohenkie.com\/wp-content\/uploads\/2025\/08\/IMG_4294.jpg","contentUrl":"https:\/\/retrohenkie.com\/wp-content\/uploads\/2025\/08\/IMG_4294.jpg","width":2500,"height":2500},{"@type":"BreadcrumbList","@id":"https:\/\/retrohenkie.com\/index.php\/produkt\/blask-poloneza-spodnie-damskie\/#breadcrumb","itemListElement":[{"@type":"ListItem","position":1,"name":"Strona g\u0142\u00f3wna","item":"https:\/\/retrohenkie.com\/"},{"@type":"ListItem","position":2,"name":"Sklep","item":"https:\/\/retrohenkie.com\/index.php\/sklep\/"},{"@type":"ListItem","position":3,"name":"BLASK POLONEZA SPODNIE DAMSKIE"}]},{"@type":"WebSite","@id":"https:\/\/retrohenkie.com\/#website","url":"https:\/\/retrohenkie.com\/","name":"RETROHENKIE","description":"","publisher":{"@id":"https:\/\/retrohenkie.com\/#organization"},"potentialAction":[{"@type":"SearchAction","target":{"@type":"EntryPoint","urlTemplate":"https:\/\/retrohenkie.com\/?s={search_term_string}"},"query-input":{"@type":"PropertyValueSpecification","valueRequired":true,"valueName":"search_term_string"}}],"inLanguage":"pl-PL"},{"@type":"Organization","@id":"https:\/\/retrohenkie.com\/#organization","name":"RETROHENKIE","url":"https:\/\/retrohenkie.com\/","logo":{"@type":"ImageObject","inLanguage":"pl-PL","@id":"https:\/\/retrohenkie.com\/#\/schema\/logo\/image\/","url":"https:\/\/retrohenkie.com\/wp-content\/uploads\/2025\/08\/cropped-logo-daria-henkie-black-600px-e1755028065228.webp","contentUrl":"https:\/\/retrohenkie.com\/wp-content\/uploads\/2025\/08\/cropped-logo-daria-henkie-black-600px-e1755028065228.webp","width":300,"height":300,"caption":"RETROHENKIE"},"image":{"@id":"https:\/\/retrohenkie.com\/#\/schema\/logo\/image\/"}}]}},"_links":{"self":[{"href":"https:\/\/retrohenkie.com\/index.php\/wp-json\/wp\/v2\/product\/100","targetHints":{"allow":["GET"]}}],"collection":[{"href":"https:\/\/retrohenkie.com\/index.php\/wp-json\/wp\/v2\/product"}],"about":[{"href":"https:\/\/retrohenkie.com\/index.php\/wp-json\/wp\/v2\/types\/product"}],"replies":[{"embeddable":true,"href":"https:\/\/retrohenkie.com\/index.php\/wp-json\/wp\/v2\/comments?post=100"}],"wp:featuredmedia":[{"embeddable":true,"href":"https:\/\/retrohenkie.com\/index.php\/wp-json\/wp\/v2\/media\/142"}],"wp:attachment":[{"href":"https:\/\/retrohenkie.com\/index.php\/wp-json\/wp\/v2\/media?parent=100"}],"wp:term":[{"taxonomy":"product_brand","embeddable":true,"href":"https:\/\/retrohenkie.com\/index.php\/wp-json\/wp\/v2\/product_brand?post=100"},{"taxonomy":"product_cat","embeddable":true,"href":"https:\/\/retrohenkie.com\/index.php\/wp-json\/wp\/v2\/product_cat?post=100"},{"taxonomy":"product_tag","embeddable":true,"href":"https:\/\/retrohenkie.com\/index.php\/wp-json\/wp\/v2\/product_tag?post=100"}],"curies":[{"name":"wp","href":"https:\/\/api.w.org\/{rel}","templated":true}]}}